{"id":897,"date":"2023-06-18T21:46:06","date_gmt":"2023-06-18T21:46:06","guid":{"rendered":"https:\/\/360integral-hk.com\/?page_id=897"},"modified":"2023-06-18T23:47:50","modified_gmt":"2023-06-18T23:47:50","slug":"organic-vs-paid-social-media-what-works-best-for-brands","status":"publish","type":"page","link":"https:\/\/360integral-hk.com\/es\/redes-sociales-organicas-frente-a-redes-sociales-de-pago-que-funciona-mejor-para-las-marcas\/","title":{"rendered":"Redes sociales org\u00e1nicas frente a redes sociales de pago: \u00bfqu\u00e9 funciona mejor para las marcas?"},"content":{"rendered":"<style>.elementor-897 .elementor-element.elementor-element-ee070a9:not(.elementor-motion-effects-element-type-background), .elementor-897 .elementor-element.elementor-element-ee070a9 > .elementor-motion-effects-container > .elementor-motion-effects-layer{background-color:#FDA59B36;}.elementor-897 .elementor-element.elementor-element-ee070a9{transition:background 0.3s, border 0.3s, border-radius 0.3s, box-shadow 0.3s;padding:70px 0px 70px 0px;}.elementor-897 .elementor-element.elementor-element-ee070a9 > .elementor-background-overlay{transition:background 0.3s, border-radius 0.3s, opacity 0.3s;}.elementor-897 .elementor-element.elementor-element-191e275 > .elementor-container{max-width:1400px;}.elementor-bc-flex-widget .elementor-897 .elementor-element.elementor-element-3aa988f.elementor-column .elementor-widget-wrap{align-items:center;}.elementor-897 .elementor-element.elementor-element-3aa988f.elementor-column.elementor-element[data-element_type=\"column\"] > .elementor-widget-wrap.elementor-element-populated{align-content:center;align-items:center;}.elementor-897 .elementor-element.elementor-element-3aa988f.elementor-column > .elementor-widget-wrap{justify-content:center;}.elementor-897 .elementor-element.elementor-element-3aa988f > .elementor-element-populated{margin:0px 0px 0px -2px;--e-column-margin-right:0px;--e-column-margin-left:-2px;}.elementor-897 .elementor-element.elementor-element-e825e99 .elementor-heading-title{color:var( --e-global-color-primary );}.elementor-897 .elementor-element.elementor-element-539d910 > .elementor-element-populated{padding:0px 250px 0px 0px;}.elementor-897 .elementor-element.elementor-element-c1154ef{color:var( --e-global-color-accent );}.elementor-897 .elementor-element.elementor-element-0976ed3 > .elementor-widget-container{margin:0px 0px 0px 0px;padding:0px 0px 0px 0px;}.elementor-897 .elementor-element.elementor-element-bb0adaa > .elementor-container{max-width:1200px;}.elementor-897 .elementor-element.elementor-element-bb0adaa{margin-top:80px;margin-bottom:80px;}.elementor-897 .elementor-element.elementor-element-e7bcdaf > .elementor-element-populated{margin:0px 0px 0px -11px;--e-column-margin-right:0px;--e-column-margin-left:-11px;}.elementor-897 .elementor-element.elementor-element-b20119d > .elementor-container{max-width:1400px;}.elementor-897 .elementor-element.elementor-element-3c5a664 img{border-radius:8px 8px 8px 8px;}.elementor-897 .elementor-element.elementor-element-a860dc9.elementor-column > .elementor-widget-wrap{justify-content:center;}.elementor-897 .elementor-element.elementor-element-a860dc9 > .elementor-element-populated{margin:70px 0px 0px 0px;--e-column-margin-right:0px;--e-column-margin-left:0px;padding:0px 0px 0px 90px;}.elementor-897 .elementor-element.elementor-element-9e637d8 > .elementor-widget-container{padding:10px 10px 10px 10px;}.elementor-897 .elementor-element.elementor-element-1267724 > .elementor-widget-container{padding:10px 10px 10px 10px;}.elementor-897 .elementor-element.elementor-element-65d164d > .elementor-container{max-width:1200px;}.elementor-897 .elementor-element.elementor-element-fbf4fe5 > .elementor-widget-container{padding:10px 10px 10px 10px;}:root{--page-title-display:none;}@media(max-width:1024px){.elementor-897 .elementor-element.elementor-element-3aa988f > .elementor-element-populated{margin:0px 0px 0px 0px;--e-column-margin-right:0px;--e-column-margin-left:0px;padding:2px 2px 2px 2px;}.elementor-897 .elementor-element.elementor-element-539d910 > .elementor-element-populated{padding:20px 20px 20px 20px;}.elementor-897 .elementor-element.elementor-element-a860dc9 > .elementor-element-populated{margin:0px 0px 0px 0px;--e-column-margin-right:0px;--e-column-margin-left:0px;padding:20px 20px 20px 20px;}.elementor-897 .elementor-element.elementor-element-65d164d{margin-top:-40px;margin-bottom:-40px;}}@media(max-width:767px){.elementor-897 .elementor-element.elementor-element-e825e99 > .elementor-widget-container{margin:0px 0px 0px 0px;padding:0px 0px 0px 0px;}.elementor-897 .elementor-element.elementor-element-539d910 > .elementor-element-populated{margin:0px 0px 0px 0px;--e-column-margin-right:0px;--e-column-margin-left:0px;padding:10px 10px 10px 10px;}.elementor-897 .elementor-element.elementor-element-a860dc9 > .elementor-element-populated{margin:0px 0px 0px 0px;--e-column-margin-right:0px;--e-column-margin-left:0px;padding:20px 20px 20px 20px;}}@media(min-width:768px){.elementor-897 .elementor-element.elementor-element-3aa988f{width:40%;}.elementor-897 .elementor-element.elementor-element-539d910{width:60%;}.elementor-897 .elementor-element.elementor-element-e7bcdaf{width:27.25%;}.elementor-897 .elementor-element.elementor-element-a860dc9{width:72.75%;}}@media(max-width:1024px) and (min-width:768px){.elementor-897 .elementor-element.elementor-element-e7bcdaf{width:100%;}.elementor-897 .elementor-element.elementor-element-a860dc9{width:100%;}}<\/style>\t\t<div data-elementor-type=\"wp-page\" data-elementor-id=\"897\" class=\"elementor elementor-897\">\n\t\t\t\t\t\t<section class=\"elementor-section elementor-top-section elementor-element elementor-element-ee070a9 elementor-section-full_width elementor-section-height-default elementor-section-height-default\" data-id=\"ee070a9\" data-element_type=\"section\" data-settings=\"{&quot;background_background&quot;:&quot;classic&quot;}\">\n\t\t\t\t\t\t<div class=\"elementor-container elementor-column-gap-default\">\n\t\t\t\t\t<div class=\"elementor-column elementor-col-100 elementor-top-column elementor-element elementor-element-58887bf\" data-id=\"58887bf\" data-element_type=\"column\">\n\t\t\t<div class=\"elementor-widget-wrap elementor-element-populated\">\n\t\t\t\t\t\t<section class=\"elementor-section elementor-inner-section elementor-element elementor-element-191e275 elementor-section-boxed elementor-section-height-default elementor-section-height-default\" data-id=\"191e275\" data-element_type=\"section\">\n\t\t\t\t\t\t<div class=\"elementor-container elementor-column-gap-default\">\n\t\t\t\t\t<div class=\"elementor-column elementor-col-50 elementor-inner-column elementor-element elementor-element-3aa988f\" data-id=\"3aa988f\" data-element_type=\"column\">\n\t\t\t<div class=\"elementor-widget-wrap elementor-element-populated\">\n\t\t\t\t\t\t<div class=\"elementor-element elementor-element-e825e99 elementor-invisible elementor-widget elementor-widget-heading\" data-id=\"e825e99\" data-element_type=\"widget\" data-settings=\"{&quot;_animation&quot;:&quot;fadeInLeft&quot;}\" data-widget_type=\"heading.default\">\n\t\t\t\t<div class=\"elementor-widget-container\">\n\t\t\t\t\t<h1 class=\"elementor-heading-title elementor-size-default\">Redes sociales org\u00e1nicas frente a redes sociales de pago: \u00bfqu\u00e9 funciona mejor para las marcas?<\/h1>\t\t\t\t<\/div>\n\t\t\t\t<\/div>\n\t\t\t\t\t<\/div>\n\t\t<\/div>\n\t\t\t\t<div class=\"elementor-column elementor-col-50 elementor-inner-column elementor-element elementor-element-539d910\" data-id=\"539d910\" data-element_type=\"column\">\n\t\t\t<div class=\"elementor-widget-wrap elementor-element-populated\">\n\t\t\t\t\t\t<div class=\"elementor-element elementor-element-c1154ef elementor-widget elementor-widget-text-editor\" data-id=\"c1154ef\" data-element_type=\"widget\" data-widget_type=\"text-editor.default\">\n\t\t\t\t<div class=\"elementor-widget-container\">\n\t\t\t\t\t\t\t\t\t<p><a href=\"https:\/\/360integral-hk.com\/es\/?page_id=18\">Inicio<\/a>\u00a0 \u00a0 \u00a0 \u00a0 \u00a0&gt;\u00a0 \u00a0 \u00a0 Case Studies<\/p>\t\t\t\t\t\t\t\t<\/div>\n\t\t\t\t<\/div>\n\t\t\t\t<div class=\"elementor-element elementor-element-0976ed3 elementor-widget elementor-widget-text-editor\" data-id=\"0976ed3\" data-element_type=\"widget\" data-widget_type=\"text-editor.default\">\n\t\t\t\t<div class=\"elementor-widget-container\">\n\t\t\t\t\t\t\t\t\t<p>En el panorama digital actual, las redes sociales se han convertido en una poderosa herramienta para que las marcas conecten con su p\u00fablico, creen conciencia de marca e impulsen el crecimiento empresarial.<\/p>\t\t\t\t\t\t\t\t<\/div>\n\t\t\t\t<\/div>\n\t\t\t\t\t<\/div>\n\t\t<\/div>\n\t\t\t\t\t<\/div>\n\t\t<\/section>\n\t\t\t\t\t<\/div>\n\t\t<\/div>\n\t\t\t\t\t<\/div>\n\t\t<\/section>\n\t\t\t\t<section class=\"elementor-section elementor-top-section elementor-element elementor-element-bb0adaa elementor-section-boxed elementor-section-height-default elementor-section-height-default\" data-id=\"bb0adaa\" data-element_type=\"section\">\n\t\t\t\t\t\t<div class=\"elementor-container elementor-column-gap-default\">\n\t\t\t\t\t<div class=\"elementor-column elementor-col-50 elementor-top-column elementor-element elementor-element-e7bcdaf\" data-id=\"e7bcdaf\" data-element_type=\"column\">\n\t\t\t<div class=\"elementor-widget-wrap elementor-element-populated\">\n\t\t\t\t\t\t<section class=\"elementor-section elementor-inner-section elementor-element elementor-element-b20119d elementor-section-boxed elementor-section-height-default elementor-section-height-default\" data-id=\"b20119d\" data-element_type=\"section\">\n\t\t\t\t\t\t<div class=\"elementor-container elementor-column-gap-default\">\n\t\t\t\t\t<div class=\"elementor-column elementor-col-100 elementor-inner-column elementor-element elementor-element-a9027ff\" data-id=\"a9027ff\" data-element_type=\"column\">\n\t\t\t<div class=\"elementor-widget-wrap elementor-element-populated\">\n\t\t\t\t\t\t<div class=\"elementor-element elementor-element-3c5a664 elementor-invisible elementor-widget elementor-widget-image\" data-id=\"3c5a664\" data-element_type=\"widget\" data-settings=\"{&quot;_animation&quot;:&quot;fadeInLeft&quot;,&quot;_animation_delay&quot;:100}\" data-widget_type=\"image.default\">\n\t\t\t\t<div class=\"elementor-widget-container\">\n\t\t\t\t\t\t\t\t\t\t\t\t\t\t\t<img decoding=\"async\" src=\"http:\/\/360integral-hk.com\/wp-content\/uploads\/elementor\/thumbs\/social-media-addiction-q85wf28yhepoeiwdjz2ezoagxusgpieqhrdiymhtq0.jpg\" title=\"Social media addiction\" alt=\"Social media addiction\" loading=\"lazy\" \/>\t\t\t\t\t\t\t\t\t\t\t\t\t\t\t<\/div>\n\t\t\t\t<\/div>\n\t\t\t\t\t<\/div>\n\t\t<\/div>\n\t\t\t\t\t<\/div>\n\t\t<\/section>\n\t\t\t\t\t<\/div>\n\t\t<\/div>\n\t\t\t\t<div class=\"elementor-column elementor-col-50 elementor-top-column elementor-element elementor-element-a860dc9\" data-id=\"a860dc9\" data-element_type=\"column\">\n\t\t\t<div class=\"elementor-widget-wrap elementor-element-populated\">\n\t\t\t\t\t\t<div class=\"elementor-element elementor-element-9e637d8 elementor-widget elementor-widget-heading\" data-id=\"9e637d8\" data-element_type=\"widget\" data-widget_type=\"heading.default\">\n\t\t\t\t<div class=\"elementor-widget-container\">\n\t\t\t\t\t<h2 class=\"elementor-heading-title elementor-size-default\">Con millones de usuarios activos en diversas plataformas de medios sociales, surge la pregunta:<\/h2>\t\t\t\t<\/div>\n\t\t\t\t<\/div>\n\t\t\t\t<div class=\"elementor-element elementor-element-1267724 elementor-widget elementor-widget-text-editor\" data-id=\"1267724\" data-element_type=\"widget\" data-widget_type=\"text-editor.default\">\n\t\t\t\t<div class=\"elementor-widget-container\">\n\t\t\t\t\t\t\t\t\t<p>\u00bfCu\u00e1l es el enfoque m\u00e1s eficaz para que las marcas maximicen su presencia en las redes sociales? \u00bfDeben centrarse en el alcance org\u00e1nico o invertir en publicidad de pago en las redes sociales? En esta entrada del blog, analizaremos las ventajas y consideraciones de las estrategias org\u00e1nicas y de pago en las redes sociales para ayudar a las marcas a tomar decisiones informadas.<\/p>\t\t\t\t\t\t\t\t<\/div>\n\t\t\t\t<\/div>\n\t\t\t\t\t<\/div>\n\t\t<\/div>\n\t\t\t\t\t<\/div>\n\t\t<\/section>\n\t\t\t\t<section class=\"elementor-section elementor-top-section elementor-element elementor-element-65d164d elementor-section-boxed elementor-section-height-default elementor-section-height-default\" data-id=\"65d164d\" data-element_type=\"section\">\n\t\t\t\t\t\t<div class=\"elementor-container elementor-column-gap-default\">\n\t\t\t\t\t<div class=\"elementor-column elementor-col-100 elementor-top-column elementor-element elementor-element-787da4c\" data-id=\"787da4c\" data-element_type=\"column\">\n\t\t\t<div class=\"elementor-widget-wrap elementor-element-populated\">\n\t\t\t\t\t\t<div class=\"elementor-element elementor-element-a81f076 elementor-widget elementor-widget-accordion\" data-id=\"a81f076\" data-element_type=\"widget\" data-widget_type=\"accordion.default\">\n\t\t\t\t<div class=\"elementor-widget-container\">\n\t\t\t\t\t\t\t<div class=\"elementor-accordion\">\n\t\t\t\t\t\t\t<div class=\"elementor-accordion-item\">\n\t\t\t\t\t<div id=\"elementor-tab-title-1761\" class=\"elementor-tab-title\" data-tab=\"1\" role=\"button\" aria-controls=\"elementor-tab-content-1761\" aria-expanded=\"false\">\n\t\t\t\t\t\t\t\t\t\t\t\t\t<span class=\"elementor-accordion-icon elementor-accordion-icon-left\" aria-hidden=\"true\">\n\t\t\t\t\t\t\t\t\t\t\t\t\t\t\t<span class=\"elementor-accordion-icon-closed\"><i class=\"fas fa-plus\"><\/i><\/span>\n\t\t\t\t\t\t\t\t<span class=\"elementor-accordion-icon-opened\"><i class=\"fas fa-minus\"><\/i><\/span>\n\t\t\t\t\t\t\t\t\t\t\t\t\t\t<\/span>\n\t\t\t\t\t\t\t\t\t\t\t\t<a class=\"elementor-accordion-title\" tabindex=\"0\">Redes sociales org\u00e1nicas: Crear conexiones genuinas<\/a>\n\t\t\t\t\t<\/div>\n\t\t\t\t\t<div id=\"elementor-tab-content-1761\" class=\"elementor-tab-content elementor-clearfix\" data-tab=\"1\" role=\"region\" aria-labelledby=\"elementor-tab-title-1761\"><p>Las redes sociales org\u00e1nicas se refieren a la pr\u00e1ctica de aumentar la presencia de una marca a trav\u00e9s de actividades no remuneradas, como la publicaci\u00f3n de contenidos, la interacci\u00f3n con los seguidores y el aprovechamiento de los contenidos generados por los usuarios. Estas son algunas de las principales ventajas de las redes sociales org\u00e1nicas:<\/p><p>\u00a0<\/p><ul><li>Autenticidad y creaci\u00f3n de relaciones: Las redes sociales org\u00e1nicas permiten a las marcas destacar su personalidad, valores y ofertas \u00fanicas de forma aut\u00e9ntica. Mediante la creaci\u00f3n de contenidos de valor y la interacci\u00f3n con su p\u00fablico, las marcas pueden construir conexiones genuinas, fomentar la lealtad a la marca y establecerse como l\u00edderes de opini\u00f3n en su industria.<\/li><li>Rentable: A diferencia de la publicidad de pago, las redes sociales org\u00e1nicas no requieren una inversi\u00f3n financiera. Las marcas pueden crear y distribuir contenidos sin gastar en anuncios, lo que la convierte en una estrategia rentable, especialmente para las empresas con presupuestos de marketing limitados.<\/li><li>Creaci\u00f3n de marca a largo plazo: Los esfuerzos org\u00e1nicos en las redes sociales pueden contribuir a la construcci\u00f3n de la marca a largo plazo y al crecimiento org\u00e1nico. A medida que las marcas ofrecen contenidos valiosos y se relacionan con su p\u00fablico, pueden ampliar gradualmente su alcance, aumentar la notoriedad de la marca y crear una comunidad de seguidores fieles.<\/li><\/ul><p>\u00a0<\/p><p>Sin embargo, las redes sociales org\u00e1nicas tambi\u00e9n tienen sus limitaciones. Dado que los algoritmos de las redes sociales dan prioridad a los contenidos de amigos, familiares y contactos personales, a las marcas les resulta cada vez m\u00e1s dif\u00edcil llegar a su p\u00fablico objetivo de forma org\u00e1nica. Puede requerir tiempo, esfuerzo y una estrategia de contenidos bien elaborada para abrirse paso entre el ruido y ganar visibilidad.<\/p><\/div>\n\t\t\t\t<\/div>\n\t\t\t\t\t\t\t<div class=\"elementor-accordion-item\">\n\t\t\t\t\t<div id=\"elementor-tab-title-1762\" class=\"elementor-tab-title\" data-tab=\"2\" role=\"button\" aria-controls=\"elementor-tab-content-1762\" aria-expanded=\"false\">\n\t\t\t\t\t\t\t\t\t\t\t\t\t<span class=\"elementor-accordion-icon elementor-accordion-icon-left\" aria-hidden=\"true\">\n\t\t\t\t\t\t\t\t\t\t\t\t\t\t\t<span class=\"elementor-accordion-icon-closed\"><i class=\"fas fa-plus\"><\/i><\/span>\n\t\t\t\t\t\t\t\t<span class=\"elementor-accordion-icon-opened\"><i class=\"fas fa-minus\"><\/i><\/span>\n\t\t\t\t\t\t\t\t\t\t\t\t\t\t<\/span>\n\t\t\t\t\t\t\t\t\t\t\t\t<a class=\"elementor-accordion-title\" tabindex=\"0\">Redes sociales de pago: Ampliar el alcance y la segmentaci\u00f3n<\/a>\n\t\t\t\t\t<\/div>\n\t\t\t\t\t<div id=\"elementor-tab-content-1762\" class=\"elementor-tab-content elementor-clearfix\" data-tab=\"2\" role=\"region\" aria-labelledby=\"elementor-tab-title-1762\"><p>La publicidad de pago en redes sociales implica asignar un presupuesto para promocionar contenidos y llegar a un p\u00fablico m\u00e1s amplio. Estas son algunas de las ventajas de incorporar las redes sociales de pago a la estrategia de una marca:<\/p><ul><li>Mayor alcance y visibilidad: Las redes sociales de pago permiten a las marcas ampliar su alcance m\u00e1s all\u00e1 de su audiencia org\u00e1nica. Al utilizar opciones de segmentaci\u00f3n como datos demogr\u00e1ficos, intereses y comportamientos, las marcas pueden asegurarse de que su contenido se muestra a los usuarios m\u00e1s relevantes, aumentando las posibilidades de compromiso y conversiones.<\/li><li>Mejor segmentaci\u00f3n y an\u00e1lisis: Las plataformas de redes sociales de pago ofrecen s\u00f3lidas opciones de segmentaci\u00f3n y herramientas de an\u00e1lisis avanzadas. Las marcas pueden dirigirse con precisi\u00f3n a segmentos de audiencia espec\u00edficos, realizar un seguimiento de las m\u00e9tricas de rendimiento y obtener informaci\u00f3n valiosa para optimizar sus campa\u00f1as de forma eficaz.<\/li><li>Resultados m\u00e1s r\u00e1pidos: Las campa\u00f1as en redes sociales de pago pueden generar resultados m\u00e1s r\u00e1pidos que las campa\u00f1as org\u00e1nicas. Las marcas pueden aprovechar funciones como las publicaciones potenciadas, el contenido patrocinado y el retargeting para aumentar la visibilidad de la marca, atraer tr\u00e1fico al sitio web y generar clientes potenciales o conversiones.<\/li><\/ul><p>\u00a0<\/p><p>Aunque las redes sociales de pago ofrecen ventajas significativas, requieren una estrategia bien definida, un seguimiento continuo y una inversi\u00f3n en publicidad. Sin una planificaci\u00f3n, segmentaci\u00f3n y optimizaci\u00f3n adecuadas, es posible que las marcas no consigan el retorno de la inversi\u00f3n deseado.<\/p><\/div>\n\t\t\t\t<\/div>\n\t\t\t\t\t\t\t<div class=\"elementor-accordion-item\">\n\t\t\t\t\t<div id=\"elementor-tab-title-1763\" class=\"elementor-tab-title\" data-tab=\"3\" role=\"button\" aria-controls=\"elementor-tab-content-1763\" aria-expanded=\"false\">\n\t\t\t\t\t\t\t\t\t\t\t\t\t<span class=\"elementor-accordion-icon elementor-accordion-icon-left\" aria-hidden=\"true\">\n\t\t\t\t\t\t\t\t\t\t\t\t\t\t\t<span class=\"elementor-accordion-icon-closed\"><i class=\"fas fa-plus\"><\/i><\/span>\n\t\t\t\t\t\t\t\t<span class=\"elementor-accordion-icon-opened\"><i class=\"fas fa-minus\"><\/i><\/span>\n\t\t\t\t\t\t\t\t\t\t\t\t\t\t<\/span>\n\t\t\t\t\t\t\t\t\t\t\t\t<a class=\"elementor-accordion-title\" tabindex=\"0\">Encontrar el equilibrio adecuado<\/a>\n\t\t\t\t\t<\/div>\n\t\t\t\t\t<div id=\"elementor-tab-content-1763\" class=\"elementor-tab-content elementor-clearfix\" data-tab=\"3\" role=\"region\" aria-labelledby=\"elementor-tab-title-1763\"><p>En lugar de elegir entre medios sociales org\u00e1nicos y de pago, el enfoque m\u00e1s eficaz para las marcas suele ser una combinaci\u00f3n de ambos. Integrar los esfuerzos org\u00e1nicos con la publicidad de pago puede maximizar los beneficios de cada estrategia. He aqu\u00ed algunos consejos para encontrar el equilibrio adecuado:<\/p><p>\u00a0<\/p><ul><li>Excelencia en el contenido: Invierte en la creaci\u00f3n de contenido org\u00e1nico de alta calidad y atractivo que resuene con tu p\u00fablico objetivo. Esto sirve de base tanto para los esfuerzos org\u00e1nicos como para los de pago.<\/li><li>Identifique objetivos y presupuesto: Determina tus objetivos de marketing, asigna un presupuesto para la publicidad de pago en redes sociales y alinea tu estrategia con los resultados deseados.<\/li><li>Impulsos espec\u00edficos: Utiliza las redes sociales de pago para amplificar tus contenidos org\u00e1nicos m\u00e1s valiosos. Impulse las publicaciones de buen rendimiento para llegar a un p\u00fablico m\u00e1s amplio y aumentar la participaci\u00f3n.<\/li><li>Experimente y optimice: Supervise continuamente el rendimiento de sus campa\u00f1as de pago, pruebe diferentes formatos de anuncios y segmentos de p\u00fablico objetivo, y optimice en funci\u00f3n de los resultados.<\/li><\/ul><p>\u00a0<\/p><p>Al encontrar el equilibrio adecuado entre las estrategias de medios sociales org\u00e1nicos y de pago, las marcas pueden aprovechar los puntos fuertes de cada enfoque para maximizar su presencia en los medios sociales, llegar a su p\u00fablico objetivo con eficacia y alcanzar sus objetivos de marketing.<\/p><\/div>\n\t\t\t\t<\/div>\n\t\t\t\t\t\t\t\t<\/div>\n\t\t\t\t\t\t<\/div>\n\t\t\t\t<\/div>\n\t\t\t\t<div class=\"elementor-element elementor-element-fbf4fe5 elementor-widget elementor-widget-text-editor\" data-id=\"fbf4fe5\" data-element_type=\"widget\" data-widget_type=\"text-editor.default\">\n\t\t\t\t<div class=\"elementor-widget-container\">\n\t\t\t\t\t\t\t\t\t<p>En conclusi\u00f3n, tanto las estrategias org\u00e1nicas como las de pago tienen sus ventajas. Los esfuerzos org\u00e1nicos crean conexiones genuinas, fomentan la lealtad a la marca y contribuyen a su construcci\u00f3n a largo plazo, mientras que las redes sociales de pago amplifican el alcance, ofrecen opciones de segmentaci\u00f3n y generan resultados m\u00e1s r\u00e1pidos. Adoptando un enfoque reflexivo e integrado, las marcas pueden aprovechar el poder de ambas estrategias para crear una presencia s\u00f3lida en las redes sociales e impulsar resultados empresariales significativos.<\/p>\t\t\t\t\t\t\t\t<\/div>\n\t\t\t\t<\/div>\n\t\t\t\t\t<\/div>\n\t\t<\/div>\n\t\t\t\t\t<\/div>\n\t\t<\/section>\n\t\t\t\t<\/div>","protected":false},"excerpt":{"rendered":"<p>Organic vs. Paid Social Media \u2013 What Works Best for Brands? Home\u00a0 \u00a0 \u00a0 \u00a0 \u00a0&gt;\u00a0 \u00a0 \u00a0 Case Studies In today&#8217;s digital landscape, social media has become a powerful tool for brands to connect with their audience, build brand awareness, and drive business growth With millions of active users on various social media platforms, [&hellip;]<\/p>","protected":false},"author":7,"featured_media":0,"parent":0,"menu_order":0,"comment_status":"closed","ping_status":"closed","template":"","meta":{"footnotes":""},"class_list":["post-897","page","type-page","status-publish","hentry"],"_links":{"self":[{"href":"https:\/\/360integral-hk.com\/es\/wp-json\/wp\/v2\/pages\/897","targetHints":{"allow":["GET"]}}],"collection":[{"href":"https:\/\/360integral-hk.com\/es\/wp-json\/wp\/v2\/pages"}],"about":[{"href":"https:\/\/360integral-hk.com\/es\/wp-json\/wp\/v2\/types\/page"}],"author":[{"embeddable":true,"href":"https:\/\/360integral-hk.com\/es\/wp-json\/wp\/v2\/users\/7"}],"replies":[{"embeddable":true,"href":"https:\/\/360integral-hk.com\/es\/wp-json\/wp\/v2\/comments?post=897"}],"version-history":[{"count":43,"href":"https:\/\/360integral-hk.com\/es\/wp-json\/wp\/v2\/pages\/897\/revisions"}],"predecessor-version":[{"id":1070,"href":"https:\/\/360integral-hk.com\/es\/wp-json\/wp\/v2\/pages\/897\/revisions\/1070"}],"wp:attachment":[{"href":"https:\/\/360integral-hk.com\/es\/wp-json\/wp\/v2\/media?parent=897"}],"curies":[{"name":"wp","href":"https:\/\/api.w.org\/{rel}","templated":true}]}}