{"id":35,"date":"2023-06-16T18:44:21","date_gmt":"2023-06-16T18:44:21","guid":{"rendered":"https:\/\/360integral-hk.com\/?page_id=35"},"modified":"2023-06-17T20:00:31","modified_gmt":"2023-06-17T20:00:31","slug":"privacy-policy","status":"publish","type":"page","link":"https:\/\/360integral-hk.com\/es\/privacy-policy\/","title":{"rendered":"Privacy policy"},"content":{"rendered":"<style>.elementor-35 .elementor-element.elementor-element-53b18357:not(.elementor-motion-effects-element-type-background), .elementor-35 .elementor-element.elementor-element-53b18357 > .elementor-motion-effects-container > .elementor-motion-effects-layer{background-color:#FDA59B36;}.elementor-35 .elementor-element.elementor-element-53b18357{transition:background 0.3s, border 0.3s, border-radius 0.3s, box-shadow 0.3s;padding:70px 0px 70px 0px;}.elementor-35 .elementor-element.elementor-element-53b18357 > .elementor-background-overlay{transition:background 0.3s, border-radius 0.3s, opacity 0.3s;}.elementor-35 .elementor-element.elementor-element-78fffe8d > .elementor-container{max-width:1400px;}.elementor-35 .elementor-element.elementor-element-437817f4 > .elementor-element-populated{margin:0px 0px 0px -2px;--e-column-margin-right:0px;--e-column-margin-left:-2px;}.elementor-35 .elementor-element.elementor-element-4f71833b .elementor-heading-title{color:var( --e-global-color-primary );}.elementor-35 .elementor-element.elementor-element-9d45a14 > .elementor-element-populated{padding:0px 250px 0px 0px;}.elementor-35 .elementor-element.elementor-element-7bc0aa04{color:var( --e-global-color-bb015e9 );}.elementor-35 .elementor-element.elementor-element-5852225{text-align:right;}:root{--page-title-display:none;}@media(max-width:767px){.elementor-35 .elementor-element.elementor-element-4f71833b > .elementor-widget-container{margin:0px 0px 0px 0px;padding:0px 0px 0px 0px;}.elementor-35 .elementor-element.elementor-element-9d45a14 > .elementor-element-populated{margin:0px 0px 0px 0px;--e-column-margin-right:0px;--e-column-margin-left:0px;padding:10px 10px 10px 10px;}}@media(min-width:768px){.elementor-35 .elementor-element.elementor-element-437817f4{width:40%;}.elementor-35 .elementor-element.elementor-element-9d45a14{width:60%;}}<\/style>\t\t<div data-elementor-type=\"wp-page\" data-elementor-id=\"35\" class=\"elementor elementor-35\">\n\t\t\t\t\t\t<section class=\"elementor-section elementor-top-section elementor-element elementor-element-53b18357 elementor-section-full_width elementor-section-height-default elementor-section-height-default\" data-id=\"53b18357\" data-element_type=\"section\" data-settings=\"{&quot;background_background&quot;:&quot;classic&quot;}\">\n\t\t\t\t\t\t<div class=\"elementor-container elementor-column-gap-default\">\n\t\t\t\t\t<div class=\"elementor-column elementor-col-100 elementor-top-column elementor-element elementor-element-c585830\" data-id=\"c585830\" data-element_type=\"column\">\n\t\t\t<div class=\"elementor-widget-wrap elementor-element-populated\">\n\t\t\t\t\t\t<section class=\"elementor-section elementor-inner-section elementor-element elementor-element-78fffe8d elementor-section-boxed elementor-section-height-default elementor-section-height-default\" data-id=\"78fffe8d\" data-element_type=\"section\">\n\t\t\t\t\t\t<div class=\"elementor-container elementor-column-gap-default\">\n\t\t\t\t\t<div class=\"elementor-column elementor-col-50 elementor-inner-column elementor-element elementor-element-437817f4 elementor-invisible\" data-id=\"437817f4\" data-element_type=\"column\" data-settings=\"{&quot;animation&quot;:&quot;fadeInLeft&quot;}\">\n\t\t\t<div class=\"elementor-widget-wrap elementor-element-populated\">\n\t\t\t\t\t\t<div class=\"elementor-element elementor-element-4f71833b elementor-widget elementor-widget-heading\" data-id=\"4f71833b\" data-element_type=\"widget\" data-widget_type=\"heading.default\">\n\t\t\t\t<div class=\"elementor-widget-container\">\n\t\t\t\t\t<h1 class=\"elementor-heading-title elementor-size-default\">Pol\u00edtica de Privacidad<\/h1>\t\t\t\t<\/div>\n\t\t\t\t<\/div>\n\t\t\t\t\t<\/div>\n\t\t<\/div>\n\t\t\t\t<div class=\"elementor-column elementor-col-50 elementor-inner-column elementor-element elementor-element-9d45a14\" data-id=\"9d45a14\" data-element_type=\"column\">\n\t\t\t<div class=\"elementor-widget-wrap elementor-element-populated\">\n\t\t\t\t\t\t<div class=\"elementor-element elementor-element-7bc0aa04 elementor-widget elementor-widget-text-editor\" data-id=\"7bc0aa04\" data-element_type=\"widget\" data-widget_type=\"text-editor.default\">\n\t\t\t\t<div class=\"elementor-widget-container\">\n\t\t\t\t\t\t\t\t\t<p><a href=\"https:\/\/360integral-hk.com\/es\/\">Inicio<\/a>\u00a0 \u00a0 \u00a0 \u00a0 \u00a0&gt; Pol\u00edtica de privacidad<\/p>\t\t\t\t\t\t\t\t<\/div>\n\t\t\t\t<\/div>\n\t\t\t\t\t<\/div>\n\t\t<\/div>\n\t\t\t\t\t<\/div>\n\t\t<\/section>\n\t\t\t\t\t<\/div>\n\t\t<\/div>\n\t\t\t\t\t<\/div>\n\t\t<\/section>\n\t\t\t\t<section class=\"elementor-section elementor-top-section elementor-element elementor-element-4090772 elementor-section-boxed elementor-section-height-default elementor-section-height-default\" data-id=\"4090772\" data-element_type=\"section\">\n\t\t\t\t\t\t<div class=\"elementor-container elementor-column-gap-default\">\n\t\t\t\t\t<div class=\"elementor-column elementor-col-100 elementor-top-column elementor-element elementor-element-4bddeb1\" data-id=\"4bddeb1\" data-element_type=\"column\">\n\t\t\t<div class=\"elementor-widget-wrap elementor-element-populated\">\n\t\t\t\t\t\t<div class=\"elementor-element elementor-element-5852225 elementor-widget elementor-widget-text-editor\" data-id=\"5852225\" data-element_type=\"widget\" data-widget_type=\"text-editor.default\">\n\t\t\t\t<div class=\"elementor-widget-container\">\n\t\t\t\t\t\t\t\t\t<p><strong><u>\u00daltima actualizaci\u00f3n: 5 de junio del 2023.<\/u><\/strong><\/p>\t\t\t\t\t\t\t\t<\/div>\n\t\t\t\t<\/div>\n\t\t\t\t<div class=\"elementor-element elementor-element-0b7effd elementor-widget elementor-widget-text-editor\" data-id=\"0b7effd\" data-element_type=\"widget\" data-widget_type=\"text-editor.default\">\n\t\t\t\t<div class=\"elementor-widget-container\">\n\t\t\t\t\t\t\t\t\t<p>La presente Pol\u00edtica de Privacidad establece los t\u00e9rminos en que 360 Integral HK Limited usa y protege la informaci\u00f3n que es proporcionada por sus usuarios al momento de utilizar su sitio web.<\/p><p>360 Integral HK Limited est\u00e1 comprometida con la seguridad de los datos de sus usuarios. Cuando le pedimos llenar los campos de informaci\u00f3n personal con la cual usted pueda ser identificado, lo hacemos asegurando que s\u00f3lo se emplear\u00e1 de acuerdo con los t\u00e9rminos de este documento. Sin embargo, esta Pol\u00edtica de Privacidad puede cambiar con el tiempo o ser actualizada por lo que le recomendamos y enfatizamos revisar continuamente esta p\u00e1gina para asegurarse que est\u00e1 de acuerdo con dichos cambios.<\/p><p><strong>INFORMACI\u00d3N QUE ES RECOGIDA<\/strong><\/p><p>Nuestro sitio web podr\u00e1 recoger informaci\u00f3n personal, por ejemplo:<\/p><ul><li>Nombre<\/li><li>Apellidos<\/li><li>Correo electr\u00f3nico<\/li><li>N\u00famero telef\u00f3nico<\/li><li>Informaci\u00f3n corporativa<\/li><\/ul><p>Asimismo, cuando sea necesario podr\u00e1 ser requerida informaci\u00f3n espec\u00edfica para procesar alg\u00fan pedido o realizar una entrega o facturaci\u00f3n.<\/p><p><strong>USO DE LA INFORMACI\u00d3N RECOGIDA<\/strong><\/p><p>Nuestro sitio web emplea la informaci\u00f3n con el fin de proporcionar el mejor servicio posible, particularmente para mantener un registro de usuarios, de pedidos en caso de que aplique, y mejorar nuestros servicios.<\/p><p>Es posible que sean enviados correos electr\u00f3nicos peri\u00f3dicamente a trav\u00e9s de nuestro sitio con ofertas especiales, nuevos servicios y otra informaci\u00f3n publicitaria que consideremos relevante para usted o que pueda brindarle alg\u00fan beneficio, estos correos electr\u00f3nicos ser\u00e1n enviados a la direcci\u00f3n que usted proporcione y podr\u00e1n ser cancelados en cualquier momento.<\/p><p>360 Integral HK Limited est\u00e1 altamente comprometida para cumplir con el compromiso de mantener su informaci\u00f3n segura.<\/p><p>Usamos los sistemas m\u00e1s avanzados y los actualizamos constantemente para asegurarnos de que no exista ning\u00fan acceso no autorizado.<\/p><p><strong>COOKIES<\/strong><\/p><p>Una cookie se refiere a un fichero que es enviado con la finalidad de solicitar permiso para almacenarse en su ordenador, al aceptar dicho fichero se crea y la cookie sirve entonces para tener informaci\u00f3n respecto al tr\u00e1fico web, y tambi\u00e9n facilita las futuras visitas a una web recurrente.<\/p><p>Otra funci\u00f3n que tienen las cookies es que con ellas las webs pueden reconocerle individualmente y, por tanto, brindarle el mejor servicio personalizado de su web.<\/p><p>Nuestro sitio web emplea las cookies para poder identificar las p\u00e1ginas que son visitadas y su frecuencia.<\/p><p>Esta informaci\u00f3n es empleada \u00fanicamente para an\u00e1lisis estad\u00edstico y despu\u00e9s la informaci\u00f3n se elimina de forma permanente. Usted puede eliminar las cookies en cualquier momento desde su ordenador. Sin embargo, las cookies ayudan a proporcionar un mejor servicio de los sitios web, est\u00e1s no dan acceso a informaci\u00f3n de su ordenador ni de usted, a menos de que usted as\u00ed lo quiera y lo proporcione directamente.<\/p><p>Usted puede aceptar o negar el uso de cookies, sin embargo, la mayor\u00eda de los navegadores aceptan cookies autom\u00e1ticamente pues sirve para tener un mejor servicio web. Tambi\u00e9n usted puede cambiar la configuraci\u00f3n de su ordenador para declinar las cookies. Si se declinan es posible que no pueda utilizar algunos de nuestros servicios.<\/p><p><strong>ENLACES A TERCEROS<\/strong><\/p><p>Este sitio web podr\u00eda contener enlaces a otros sitios que podr\u00edan ser de su inter\u00e9s. Una vez que usted d\u00e9 clic en estos enlaces y abandone nuestra p\u00e1gina, ya no tenemos control sobre al sitio al que es redirigido y, por lo tanto, no somos responsables de los t\u00e9rminos o privacidad ni de la protecci\u00f3n de sus datos en esos otros sitios terceros.<\/p><p>Dichos sitios est\u00e1n sujetos a sus propias pol\u00edticas de privacidad por lo cual es recomendable que los consulte para confirmar que usted est\u00e1 de acuerdo con estas.<\/p><p><strong>CONTROL DE SU INFORMACI\u00d3N PERSONAL<\/strong><\/p><p>En cualquier momento usted puede restringir la recopilaci\u00f3n o el uso de la informaci\u00f3n personal que es proporcionada a nuestro sitio web. Cada vez que se le solicite rellenar un formulario, est\u00e1 aceptando la opci\u00f3n de recibir informaci\u00f3n por correo electr\u00f3nico. Usted puede cancelarla en cualquier momento.<\/p><p>360 Integral HK Limited no vender\u00e1, ceder\u00e1 ni distribuir\u00e1 la informaci\u00f3n personal que es recopilada sin su consentimiento, salvo que sea requerido por un juez con una orden judicial.<\/p><p>360 Integral HK Limited se reserva el derecho de cambiar los t\u00e9rminos de la presente Pol\u00edtica de Privacidad en cualquier momento.<\/p><p>Para obtener m\u00e1s informaci\u00f3n sobre la Pol\u00edtica de Privacidad, si tiene preguntas o si desea presentar una queja, comun\u00edquese con nosotros.\nCorreo Electr\u00f3nico: cs@360integral-hk.com<\/p><p>\u00a0<\/p>\t\t\t\t\t\t\t\t<\/div>\n\t\t\t\t<\/div>\n\t\t\t\t\t<\/div>\n\t\t<\/div>\n\t\t\t\t\t<\/div>\n\t\t<\/section>\n\t\t\t\t<\/div>","protected":false},"excerpt":{"rendered":"<p>Privacy Policy Home\u00a0 \u00a0 \u00a0 \u00a0 \u00a0&gt;\u00a0 Privacy Policy Last updated June 5, 2023. This Privacy Policy sets out the terms on which 360 Integral HK Limited uses and protects the information that is provided by its users when using its website. 360 Integral HK Limited is committed to the security of its users&#8217; data. [&hellip;]<\/p>","protected":false},"author":7,"featured_media":0,"parent":0,"menu_order":0,"comment_status":"closed","ping_status":"closed","template":"","meta":{"footnotes":""},"class_list":["post-35","page","type-page","status-publish","hentry"],"_links":{"self":[{"href":"https:\/\/360integral-hk.com\/es\/wp-json\/wp\/v2\/pages\/35","targetHints":{"allow":["GET"]}}],"collection":[{"href":"https:\/\/360integral-hk.com\/es\/wp-json\/wp\/v2\/pages"}],"about":[{"href":"https:\/\/360integral-hk.com\/es\/wp-json\/wp\/v2\/types\/page"}],"author":[{"embeddable":true,"href":"https:\/\/360integral-hk.com\/es\/wp-json\/wp\/v2\/users\/7"}],"replies":[{"embeddable":true,"href":"https:\/\/360integral-hk.com\/es\/wp-json\/wp\/v2\/comments?post=35"}],"version-history":[{"count":25,"href":"https:\/\/360integral-hk.com\/es\/wp-json\/wp\/v2\/pages\/35\/revisions"}],"predecessor-version":[{"id":794,"href":"https:\/\/360integral-hk.com\/es\/wp-json\/wp\/v2\/pages\/35\/revisions\/794"}],"wp:attachment":[{"href":"https:\/\/360integral-hk.com\/es\/wp-json\/wp\/v2\/media?parent=35"}],"curies":[{"name":"wp","href":"https:\/\/api.w.org\/{rel}","templated":true}]}}