{"id":33,"date":"2023-06-16T18:44:03","date_gmt":"2023-06-16T18:44:03","guid":{"rendered":"https:\/\/360integral-hk.com\/?page_id=33"},"modified":"2024-11-12T16:04:52","modified_gmt":"2024-11-12T16:04:52","slug":"contact-us","status":"publish","type":"page","link":"https:\/\/360integral-hk.com\/es\/contact-us\/","title":{"rendered":"Cont\u00e1ctenos"},"content":{"rendered":"<style>.elementor-33 .elementor-element.elementor-element-144cd251:not(.elementor-motion-effects-element-type-background), .elementor-33 .elementor-element.elementor-element-144cd251 > .elementor-motion-effects-container > .elementor-motion-effects-layer{background-color:#FDA59B36;}.elementor-33 .elementor-element.elementor-element-144cd251{transition:background 0.3s, border 0.3s, border-radius 0.3s, box-shadow 0.3s;padding:70px 0px 70px 0px;}.elementor-33 .elementor-element.elementor-element-144cd251 > .elementor-background-overlay{transition:background 0.3s, border-radius 0.3s, opacity 0.3s;}.elementor-33 .elementor-element.elementor-element-64fd2af0 > .elementor-container{max-width:1400px;}.elementor-bc-flex-widget .elementor-33 .elementor-element.elementor-element-6f85cb9f.elementor-column .elementor-widget-wrap{align-items:center;}.elementor-33 .elementor-element.elementor-element-6f85cb9f.elementor-column.elementor-element[data-element_type=\"column\"] > .elementor-widget-wrap.elementor-element-populated{align-content:center;align-items:center;}.elementor-33 .elementor-element.elementor-element-6f85cb9f.elementor-column > .elementor-widget-wrap{justify-content:center;}.elementor-33 .elementor-element.elementor-element-6f85cb9f > .elementor-element-populated{margin:0px 0px 0px -2px;--e-column-margin-right:0px;--e-column-margin-left:-2px;}.elementor-33 .elementor-element.elementor-element-423b7700 .elementor-heading-title{color:var( --e-global-color-primary );}.elementor-33 .elementor-element.elementor-element-6dc47b9c > .elementor-element-populated{padding:0px 250px 0px 0px;}.elementor-33 .elementor-element.elementor-element-2be9a2b4{color:var( --e-global-color-bb015e9 );}.elementor-33 .elementor-element.elementor-element-5178d0ce > .elementor-widget-container{margin:0px 0px 0px 0px;padding:0px 0px 0px 0px;}.elementor-33 .elementor-element.elementor-element-17e1ff39 > .elementor-container{max-width:1155px;}.elementor-33 .elementor-element.elementor-element-17e1ff39{margin-top:80px;margin-bottom:80px;}.elementor-33 .elementor-element.elementor-element-4a9ca54:not(.elementor-motion-effects-element-type-background) > .elementor-widget-wrap, .elementor-33 .elementor-element.elementor-element-4a9ca54 > .elementor-widget-wrap > .elementor-motion-effects-container > .elementor-motion-effects-layer{background-color:#F9F9F9;}.elementor-bc-flex-widget .elementor-33 .elementor-element.elementor-element-4a9ca54.elementor-column .elementor-widget-wrap{align-items:center;}.elementor-33 .elementor-element.elementor-element-4a9ca54.elementor-column.elementor-element[data-element_type=\"column\"] > .elementor-widget-wrap.elementor-element-populated{align-content:center;align-items:center;}.elementor-33 .elementor-element.elementor-element-4a9ca54 > .elementor-element-populated{transition:background 0.3s, border 0.3s, border-radius 0.3s, box-shadow 0.3s;padding:50px 50px 50px 50px;}.elementor-33 .elementor-element.elementor-element-4a9ca54 > .elementor-element-populated > .elementor-background-overlay{transition:background 0.3s, border-radius 0.3s, opacity 0.3s;}.elementor-33 .elementor-element.elementor-element-144d846 > .elementor-widget-container{margin:10px 10px 10px 10px;}.elementor-33 .elementor-element.elementor-element-144d846 .elementor-field-group{padding-right:calc( 10px\/2 );padding-left:calc( 10px\/2 );margin-bottom:10px;}.elementor-33 .elementor-element.elementor-element-144d846 .elementor-form-fields-wrapper{margin-left:calc( -10px\/2 );margin-right:calc( -10px\/2 );margin-bottom:-10px;}.elementor-33 .elementor-element.elementor-element-144d846 .elementor-field-group.recaptcha_v3-bottomleft, .elementor-33 .elementor-element.elementor-element-144d846 .elementor-field-group.recaptcha_v3-bottomright{margin-bottom:0;}body.rtl .elementor-33 .elementor-element.elementor-element-144d846 .elementor-labels-inline .elementor-field-group > label{padding-left:11px;}body:not(.rtl) .elementor-33 .elementor-element.elementor-element-144d846 .elementor-labels-inline .elementor-field-group > label{padding-right:11px;}body .elementor-33 .elementor-element.elementor-element-144d846 .elementor-labels-above .elementor-field-group > label{padding-bottom:11px;}.elementor-33 .elementor-element.elementor-element-144d846 .elementor-field-type-html{padding-bottom:0px;color:var( --e-global-color-text );}.elementor-33 .elementor-element.elementor-element-144d846 .elementor-field-group .elementor-field{color:#574D4D;}.elementor-33 .elementor-element.elementor-element-144d846 .elementor-field-group:not(.elementor-field-type-upload) .elementor-field:not(.elementor-select-wrapper){background-color:#FFFFFF;border-color:#FCFCFC;border-width:1px 1px 1px 1px;border-radius:2px 2px 2px 2px;}.elementor-33 .elementor-element.elementor-element-144d846 .elementor-field-group .elementor-select-wrapper select{background-color:#FFFFFF;border-color:#FCFCFC;border-width:1px 1px 1px 1px;border-radius:2px 2px 2px 2px;}.elementor-33 .elementor-element.elementor-element-144d846 .elementor-field-group .elementor-select-wrapper::before{color:#FCFCFC;}.elementor-33 .elementor-element.elementor-element-144d846 .e-form__buttons__wrapper__button-next{background-color:var( --e-global-color-bb015e9 );color:#ffffff;}.elementor-33 .elementor-element.elementor-element-144d846 .elementor-button[type=\"submit\"]{background-color:var( --e-global-color-bb015e9 );color:#ffffff;}.elementor-33 .elementor-element.elementor-element-144d846 .elementor-button[type=\"submit\"] svg *{fill:#ffffff;}.elementor-33 .elementor-element.elementor-element-144d846 .e-form__buttons__wrapper__button-previous{color:#ffffff;}.elementor-33 .elementor-element.elementor-element-144d846 .e-form__buttons__wrapper__button-next:hover{color:#ffffff;}.elementor-33 .elementor-element.elementor-element-144d846 .elementor-button[type=\"submit\"]:hover{color:#ffffff;}.elementor-33 .elementor-element.elementor-element-144d846 .elementor-button[type=\"submit\"]:hover svg *{fill:#ffffff;}.elementor-33 .elementor-element.elementor-element-144d846 .e-form__buttons__wrapper__button-previous:hover{color:#ffffff;}.elementor-33 .elementor-element.elementor-element-144d846{--e-form-steps-indicators-spacing:20px;--e-form-steps-indicator-padding:30px;--e-form-steps-indicator-inactive-secondary-color:#ffffff;--e-form-steps-indicator-active-secondary-color:#ffffff;--e-form-steps-indicator-completed-secondary-color:#ffffff;--e-form-steps-divider-width:1px;--e-form-steps-divider-gap:10px;}.elementor-33 .elementor-element.elementor-element-eab652f > .elementor-widget-container{padding:10px 10px 10px 10px;}.elementor-33 .elementor-element.elementor-element-9cdfac1 > .elementor-element-populated{padding:0px 0px 0px 50px;}.elementor-33 .elementor-element.elementor-element-42e51a19 > .elementor-widget-container{padding:0px 0px 0px 0px;}.elementor-33 .elementor-element.elementor-element-42e51a19 iframe{height:565px;}.elementor-33 .elementor-element.elementor-element-4df0b3ac > .elementor-widget-container{margin:10px 0px 0px 0px;}.elementor-33 .elementor-element.elementor-element-4df0b3ac .elementor-icon-list-items:not(.elementor-inline-items) .elementor-icon-list-item:not(:last-child){padding-block-end:calc(25px\/2);}.elementor-33 .elementor-element.elementor-element-4df0b3ac .elementor-icon-list-items:not(.elementor-inline-items) .elementor-icon-list-item:not(:first-child){margin-block-start:calc(25px\/2);}.elementor-33 .elementor-element.elementor-element-4df0b3ac .elementor-icon-list-items.elementor-inline-items .elementor-icon-list-item{margin-inline:calc(25px\/2);}.elementor-33 .elementor-element.elementor-element-4df0b3ac .elementor-icon-list-items.elementor-inline-items{margin-inline:calc(-25px\/2);}.elementor-33 .elementor-element.elementor-element-4df0b3ac .elementor-icon-list-items.elementor-inline-items .elementor-icon-list-item:after{inset-inline-end:calc(-25px\/2);}.elementor-33 .elementor-element.elementor-element-4df0b3ac .elementor-icon-list-icon i{color:var( --e-global-color-secondary );transition:color 0.3s;}.elementor-33 .elementor-element.elementor-element-4df0b3ac .elementor-icon-list-icon svg{fill:var( --e-global-color-secondary );transition:fill 0.3s;}.elementor-33 .elementor-element.elementor-element-4df0b3ac{--e-icon-list-icon-size:20px;--e-icon-list-icon-align:left;--e-icon-list-icon-margin:0 calc(var(--e-icon-list-icon-size, 1em) * 0.25) 0 0;--icon-vertical-offset:0px;}.elementor-33 .elementor-element.elementor-element-4df0b3ac .elementor-icon-list-icon{padding-inline-end:10px;}.elementor-33 .elementor-element.elementor-element-4df0b3ac .elementor-icon-list-text{transition:color 0.3s;}.elementor-33 .elementor-element.elementor-element-8c59b9d > .elementor-widget-container{padding:10px 10px 10px 10px;}:root{--page-title-display:none;}@media(max-width:1024px){.elementor-33 .elementor-element.elementor-element-6f85cb9f > .elementor-element-populated{margin:0px 0px 0px 0px;--e-column-margin-right:0px;--e-column-margin-left:0px;padding:1px 1px 1px 1px;}.elementor-33 .elementor-element.elementor-element-6dc47b9c > .elementor-element-populated{padding:20px 20px 20px 20px;}}@media(max-width:767px){.elementor-33 .elementor-element.elementor-element-423b7700 > .elementor-widget-container{margin:0px 0px 0px 0px;padding:0px 0px 0px 0px;}.elementor-33 .elementor-element.elementor-element-6dc47b9c > .elementor-element-populated{margin:0px 0px 0px 0px;--e-column-margin-right:0px;--e-column-margin-left:0px;padding:10px 10px 10px 10px;}.elementor-33 .elementor-element.elementor-element-17e1ff39{padding:10px 10px 10px 10px;}.elementor-33 .elementor-element.elementor-element-9cdfac1 > .elementor-element-populated{margin:30px 0px 0px 0px;--e-column-margin-right:0px;--e-column-margin-left:0px;padding:0px 0px 0px 0px;}}@media(min-width:768px){.elementor-33 .elementor-element.elementor-element-6f85cb9f{width:40%;}.elementor-33 .elementor-element.elementor-element-6dc47b9c{width:60%;}}@media(max-width:1024px) and (min-width:768px){.elementor-33 .elementor-element.elementor-element-4a9ca54{width:100%;}.elementor-33 .elementor-element.elementor-element-9cdfac1{width:100%;}}<\/style>\t\t<div data-elementor-type=\"wp-page\" data-elementor-id=\"33\" class=\"elementor elementor-33\">\n\t\t\t\t\t\t<section class=\"elementor-section elementor-top-section elementor-element elementor-element-144cd251 elementor-section-full_width elementor-section-height-default elementor-section-height-default\" data-id=\"144cd251\" data-element_type=\"section\" data-settings=\"{&quot;background_background&quot;:&quot;classic&quot;}\">\n\t\t\t\t\t\t<div class=\"elementor-container elementor-column-gap-default\">\n\t\t\t\t\t<div class=\"elementor-column elementor-col-100 elementor-top-column elementor-element elementor-element-4aecf11a\" data-id=\"4aecf11a\" data-element_type=\"column\">\n\t\t\t<div class=\"elementor-widget-wrap elementor-element-populated\">\n\t\t\t\t\t\t<section class=\"elementor-section elementor-inner-section elementor-element elementor-element-64fd2af0 elementor-section-boxed elementor-section-height-default elementor-section-height-default\" data-id=\"64fd2af0\" data-element_type=\"section\">\n\t\t\t\t\t\t<div class=\"elementor-container elementor-column-gap-default\">\n\t\t\t\t\t<div class=\"elementor-column elementor-col-50 elementor-inner-column elementor-element elementor-element-6f85cb9f elementor-invisible\" data-id=\"6f85cb9f\" data-element_type=\"column\" data-settings=\"{&quot;animation&quot;:&quot;fadeInLeft&quot;}\">\n\t\t\t<div class=\"elementor-widget-wrap elementor-element-populated\">\n\t\t\t\t\t\t<div class=\"elementor-element elementor-element-423b7700 elementor-widget elementor-widget-heading\" data-id=\"423b7700\" data-element_type=\"widget\" data-widget_type=\"heading.default\">\n\t\t\t\t<div class=\"elementor-widget-container\">\n\t\t\t\t\t<h1 class=\"elementor-heading-title elementor-size-default\">Cont\u00e1ctenos<\/h1>\t\t\t\t<\/div>\n\t\t\t\t<\/div>\n\t\t\t\t\t<\/div>\n\t\t<\/div>\n\t\t\t\t<div class=\"elementor-column elementor-col-50 elementor-inner-column elementor-element elementor-element-6dc47b9c\" data-id=\"6dc47b9c\" data-element_type=\"column\">\n\t\t\t<div class=\"elementor-widget-wrap elementor-element-populated\">\n\t\t\t\t\t\t<div class=\"elementor-element elementor-element-2be9a2b4 elementor-widget elementor-widget-text-editor\" data-id=\"2be9a2b4\" data-element_type=\"widget\" data-widget_type=\"text-editor.default\">\n\t\t\t\t<div class=\"elementor-widget-container\">\n\t\t\t\t\t\t\t\t\t<p><a href=\"https:\/\/360integral-hk.com\/es\/\">Inicio\u00a0<\/a> \u00a0 \u00a0 \u00a0 \u00a0&gt;  Cont\u00e1ctenos<\/p>\t\t\t\t\t\t\t\t<\/div>\n\t\t\t\t<\/div>\n\t\t\t\t<div class=\"elementor-element elementor-element-5178d0ce elementor-widget elementor-widget-text-editor\" data-id=\"5178d0ce\" data-element_type=\"widget\" data-widget_type=\"text-editor.default\">\n\t\t\t\t<div class=\"elementor-widget-container\">\n\t\t\t\t\t\t\t\t\t<p>Nos encantar\u00eda saber de usted. Si tiene alguna consulta, necesita m\u00e1s informaci\u00f3n sobre nuestros servicios o desea hablar de una posible colaboraci\u00f3n.<\/p>\t\t\t\t\t\t\t\t<\/div>\n\t\t\t\t<\/div>\n\t\t\t\t\t<\/div>\n\t\t<\/div>\n\t\t\t\t\t<\/div>\n\t\t<\/section>\n\t\t\t\t\t<\/div>\n\t\t<\/div>\n\t\t\t\t\t<\/div>\n\t\t<\/section>\n\t\t\t\t<section class=\"elementor-section elementor-top-section elementor-element elementor-element-17e1ff39 elementor-section-boxed elementor-section-height-default elementor-section-height-default\" data-id=\"17e1ff39\" data-element_type=\"section\">\n\t\t\t\t\t\t<div class=\"elementor-container elementor-column-gap-default\">\n\t\t\t\t\t<div class=\"elementor-column elementor-col-50 elementor-top-column elementor-element elementor-element-4a9ca54\" data-id=\"4a9ca54\" data-element_type=\"column\" data-settings=\"{&quot;background_background&quot;:&quot;classic&quot;}\">\n\t\t\t<div class=\"elementor-widget-wrap elementor-element-populated\">\n\t\t\t\t\t\t<div class=\"elementor-element elementor-element-6a21f47 elementor-widget elementor-widget-heading\" data-id=\"6a21f47\" data-element_type=\"widget\" data-widget_type=\"heading.default\">\n\t\t\t\t<div class=\"elementor-widget-container\">\n\t\t\t\t\t<h3 class=\"elementor-heading-title elementor-size-default\">Rellene el siguiente formulario para ponerse en contacto con nosotros.<\/h3>\t\t\t\t<\/div>\n\t\t\t\t<\/div>\n\t\t\t\t<div class=\"elementor-element elementor-element-144d846 elementor-button-align-stretch elementor-widget elementor-widget-form\" data-id=\"144d846\" data-element_type=\"widget\" data-settings=\"{&quot;step_next_label&quot;:&quot;Next&quot;,&quot;step_previous_label&quot;:&quot;Previous&quot;,&quot;button_width&quot;:&quot;100&quot;,&quot;step_type&quot;:&quot;number_text&quot;,&quot;step_icon_shape&quot;:&quot;circle&quot;}\" data-widget_type=\"form.default\">\n\t\t\t\t<div class=\"elementor-widget-container\">\n\t\t\t\t\t\t\t<form class=\"elementor-form\" method=\"post\" name=\"New Form\" action=\"\">\n\t\t\t<input type=\"hidden\" name=\"post_id\" value=\"33\"\/>\n\t\t\t<input type=\"hidden\" name=\"form_id\" value=\"144d846\"\/>\n\t\t\t<input type=\"hidden\" name=\"referer_title\" value=\"\" \/>\n\n\t\t\t\n\t\t\t<div class=\"elementor-form-fields-wrapper elementor-labels-above\">\n\t\t\t\t\t\t\t\t<div class=\"elementor-field-type-text elementor-field-group elementor-column elementor-field-group-name elementor-col-100\">\n\t\t\t\t\t\t\t\t\t\t\t\t<label for=\"form-field-name\" class=\"elementor-field-label\">\n\t\t\t\t\t\t\t\tNombre \t\t\t\t\t\t\t<\/label>\n\t\t\t\t\t\t\t\t\t\t\t\t\t\t<input size=\"1\" type=\"text\" name=\"form_fields[name]\" id=\"form-field-name\" class=\"elementor-field elementor-size-sm  elementor-field-textual\" placeholder=\"Nombre \">\n\t\t\t\t\t\t\t\t\t\t\t<\/div>\n\t\t\t\t\t\t\t\t<div class=\"elementor-field-type-text elementor-field-group elementor-column elementor-field-group-email elementor-col-100 elementor-field-required\">\n\t\t\t\t\t\t\t\t\t\t\t\t<label for=\"form-field-email\" class=\"elementor-field-label\">\n\t\t\t\t\t\t\t\tApellido\t\t\t\t\t\t\t<\/label>\n\t\t\t\t\t\t\t\t\t\t\t\t\t\t<input size=\"1\" type=\"text\" name=\"form_fields[email]\" id=\"form-field-email\" class=\"elementor-field elementor-size-sm  elementor-field-textual\" placeholder=\"Apellido\" required=\"required\" aria-required=\"true\">\n\t\t\t\t\t\t\t\t\t\t\t<\/div>\n\t\t\t\t\t\t\t\t<div class=\"elementor-field-type-tel elementor-field-group elementor-column elementor-field-group-message elementor-col-100\">\n\t\t\t\t\t\t\t\t\t\t\t\t<label for=\"form-field-message\" class=\"elementor-field-label\">\n\t\t\t\t\t\t\t\tTel\u00e9fono\t\t\t\t\t\t\t<\/label>\n\t\t\t\t\t\t\t\t<input size=\"1\" type=\"tel\" name=\"form_fields[message]\" id=\"form-field-message\" class=\"elementor-field elementor-size-sm  elementor-field-textual\" placeholder=\"Tel\u00e9fono\" pattern=\"[0-9()#&amp;+*-=.]+\" title=\"Solo se aceptan n\u00fameros y caracteres de tel\u00e9fono (#,-,*,etc).\">\n\n\t\t\t\t\t\t<\/div>\n\t\t\t\t\t\t\t\t<div class=\"elementor-field-type-email elementor-field-group elementor-column elementor-field-group-field_af23c71 elementor-col-100\">\n\t\t\t\t\t\t\t\t\t\t\t\t<label for=\"form-field-field_af23c71\" class=\"elementor-field-label\">\n\t\t\t\t\t\t\t\tCorreo electr\u00f3nico\t\t\t\t\t\t\t<\/label>\n\t\t\t\t\t\t\t\t\t\t\t\t\t\t<input size=\"1\" type=\"email\" name=\"form_fields[field_af23c71]\" id=\"form-field-field_af23c71\" class=\"elementor-field elementor-size-sm  elementor-field-textual\" placeholder=\"Correo electr\u00f3nico\">\n\t\t\t\t\t\t\t\t\t\t\t<\/div>\n\t\t\t\t\t\t\t\t<div class=\"elementor-field-type-textarea elementor-field-group elementor-column elementor-field-group-field_8be21bf elementor-col-100\">\n\t\t\t\t\t\t\t\t\t\t\t\t<label for=\"form-field-field_8be21bf\" class=\"elementor-field-label\">\n\t\t\t\t\t\t\t\tMensaje\t\t\t\t\t\t\t<\/label>\n\t\t\t\t\t\t<textarea class=\"elementor-field-textual elementor-field  elementor-size-sm\" name=\"form_fields[field_8be21bf]\" id=\"form-field-field_8be21bf\" rows=\"4\" placeholder=\"Mensaje\"><\/textarea>\t\t\t\t<\/div>\n\t\t\t\t\t\t\t\t<div class=\"elementor-field-type-recaptcha elementor-field-group elementor-column elementor-field-group-field_786f196 elementor-col-100\">\n\t\t\t\t\t<div class=\"elementor-field\" id=\"form-field-field_786f196\"><div class=\"elementor-g-recaptcha\" data-sitekey=\"6LfClrQmAAAAABlAzhiwON732sqyK0fLTtKcUiyl\" data-type=\"v2_checkbox\" data-theme=\"light\" data-size=\"normal\"><\/div><\/div>\t\t\t\t<\/div>\n\t\t\t\t\t\t\t\t<div class=\"elementor-field-group elementor-column elementor-field-type-submit elementor-col-100 e-form__buttons\">\n\t\t\t\t\t<button type=\"submit\" class=\"elementor-button elementor-size-sm\">\n\t\t\t\t\t\t<span >\n\t\t\t\t\t\t\t\t\t\t\t\t\t\t\t<span class=\"elementor-button-icon\">\n\t\t\t\t\t\t\t\t\t\t\t\t\t\t\t\t\t\t\t\t\t\t\t\t\t\t<\/span>\n\t\t\t\t\t\t\t\t\t\t\t\t\t\t\t\t\t\t\t\t\t\t<span class=\"elementor-button-text\">Enviar<\/span>\n\t\t\t\t\t\t\t\t\t\t\t\t\t<\/span>\n\t\t\t\t\t<\/button>\n\t\t\t\t<\/div>\n\t\t\t<\/div>\n\t\t<input type=\"hidden\" name=\"trp-form-language\" value=\"es\"\/><\/form>\n\t\t\t\t\t\t<\/div>\n\t\t\t\t<\/div>\n\t\t\t\t<div class=\"elementor-element elementor-element-eab652f elementor-widget elementor-widget-text-editor\" data-id=\"eab652f\" data-element_type=\"widget\" data-widget_type=\"text-editor.default\">\n\t\t\t\t<div class=\"elementor-widget-container\">\n\t\t\t\t\t\t\t\t\t<p>Por favor, facil\u00edtenos la informaci\u00f3n necesaria y responderemos r\u00e1pidamente a su consulta.<\/p>\t\t\t\t\t\t\t\t<\/div>\n\t\t\t\t<\/div>\n\t\t\t\t\t<\/div>\n\t\t<\/div>\n\t\t\t\t<div class=\"elementor-column elementor-col-50 elementor-top-column elementor-element elementor-element-9cdfac1\" data-id=\"9cdfac1\" data-element_type=\"column\">\n\t\t\t<div class=\"elementor-widget-wrap elementor-element-populated\">\n\t\t\t\t\t\t<div class=\"elementor-element elementor-element-42e51a19 elementor-invisible elementor-widget elementor-widget-google_maps\" data-id=\"42e51a19\" data-element_type=\"widget\" data-settings=\"{&quot;_animation&quot;:&quot;fadeInUp&quot;}\" data-widget_type=\"google_maps.default\">\n\t\t\t\t<div class=\"elementor-widget-container\">\n\t\t\t\t\t\t\t<div class=\"elementor-custom-embed\">\n\t\t\t<iframe loading=\"lazy\"\n\t\t\t\t\tsrc=\"https:\/\/maps.google.com\/maps?q=Unit%20B11%2C%209%2FF%2C%20Billion%20Plaza%202%2C%2010%20Cheung%20Yue%20Street%2C%20Cheung%20Sha%20Wan%2C%20Hong%20Kong&#038;t=m&#038;z=15&#038;output=embed&#038;iwloc=near\"\n\t\t\t\t\ttitle=\"Unit B11, 9\/F, Billion Plaza 2, 10 Cheung Yue Street, Cheung Sha Wan, Hong Kong\"\n\t\t\t\t\taria-label=\"Unit B11, 9\/F, Billion Plaza 2, 10 Cheung Yue Street, Cheung Sha Wan, Hong Kong\"\n\t\t\t><\/iframe>\n\t\t<\/div>\n\t\t\t\t\t\t<\/div>\n\t\t\t\t<\/div>\n\t\t\t\t<div class=\"elementor-element elementor-element-4df0b3ac elementor-icon-list--layout-traditional elementor-list-item-link-full_width elementor-widget elementor-widget-icon-list\" data-id=\"4df0b3ac\" data-element_type=\"widget\" data-widget_type=\"icon-list.default\">\n\t\t\t\t<div class=\"elementor-widget-container\">\n\t\t\t\t\t\t\t<ul class=\"elementor-icon-list-items\">\n\t\t\t\t\t\t\t<li class=\"elementor-icon-list-item\">\n\t\t\t\t\t\t\t\t\t\t\t<span class=\"elementor-icon-list-icon\">\n\t\t\t\t\t\t\t<i aria-hidden=\"true\" class=\"fas fa-map-marker-alt\"><\/i>\t\t\t\t\t\t<\/span>\n\t\t\t\t\t\t\t\t\t\t<span class=\"elementor-icon-list-text\">Unit B11, 9\/F, Billion Plaza 2, 10 Cheung Yue Street, Cheung Sha Wan, Hong Kong<\/span>\n\t\t\t\t\t\t\t\t\t<\/li>\n\t\t\t\t\t\t\t\t<li class=\"elementor-icon-list-item\">\n\t\t\t\t\t\t\t\t\t\t\t<span class=\"elementor-icon-list-icon\">\n\t\t\t\t\t\t\t<i aria-hidden=\"true\" class=\"fas fa-address-card\"><\/i>\t\t\t\t\t\t<\/span>\n\t\t\t\t\t\t\t\t\t\t<span class=\"elementor-icon-list-text\">cs@360integral-hk.com <\/span>\n\t\t\t\t\t\t\t\t\t<\/li>\n\t\t\t\t\t\t<\/ul>\n\t\t\t\t\t\t<\/div>\n\t\t\t\t<\/div>\n\t\t\t\t<div class=\"elementor-element elementor-element-8c59b9d elementor-widget elementor-widget-text-editor\" data-id=\"8c59b9d\" data-element_type=\"widget\" data-widget_type=\"text-editor.default\">\n\t\t\t\t<div class=\"elementor-widget-container\">\n\t\t\t\t\t\t\t\t\t<p>Gracias por su inter\u00e9s en 360 Integral HK Limited. Esperamos tener la oportunidad de ayudarle con sus necesidades de marketing y publicidad.<\/p>\t\t\t\t\t\t\t\t<\/div>\n\t\t\t\t<\/div>\n\t\t\t\t\t<\/div>\n\t\t<\/div>\n\t\t\t\t\t<\/div>\n\t\t<\/section>\n\t\t\t\t<\/div>","protected":false},"excerpt":{"rendered":"<p>Contact Us Home\u00a0 \u00a0 \u00a0 \u00a0 \u00a0&gt;\u00a0 \u00a0 \u00a0 \u00a0 Contact Us We would love to hear from you! If you have any inquiries, require more information about our services, or wish to discuss a potential collaboration. Please fill out the form below to get in touch with us. Please provide us with the necessary [&hellip;]<\/p>","protected":false},"author":7,"featured_media":0,"parent":0,"menu_order":0,"comment_status":"closed","ping_status":"closed","template":"","meta":{"footnotes":""},"class_list":["post-33","page","type-page","status-publish","hentry"],"_links":{"self":[{"href":"https:\/\/360integral-hk.com\/es\/wp-json\/wp\/v2\/pages\/33","targetHints":{"allow":["GET"]}}],"collection":[{"href":"https:\/\/360integral-hk.com\/es\/wp-json\/wp\/v2\/pages"}],"about":[{"href":"https:\/\/360integral-hk.com\/es\/wp-json\/wp\/v2\/types\/page"}],"author":[{"embeddable":true,"href":"https:\/\/360integral-hk.com\/es\/wp-json\/wp\/v2\/users\/7"}],"replies":[{"embeddable":true,"href":"https:\/\/360integral-hk.com\/es\/wp-json\/wp\/v2\/comments?post=33"}],"version-history":[{"count":100,"href":"https:\/\/360integral-hk.com\/es\/wp-json\/wp\/v2\/pages\/33\/revisions"}],"predecessor-version":[{"id":1278,"href":"https:\/\/360integral-hk.com\/es\/wp-json\/wp\/v2\/pages\/33\/revisions\/1278"}],"wp:attachment":[{"href":"https:\/\/360integral-hk.com\/es\/wp-json\/wp\/v2\/media?parent=33"}],"curies":[{"name":"wp","href":"https:\/\/api.w.org\/{rel}","templated":true}]}}